{"id":13,"date":"2015-11-16T13:39:01","date_gmt":"2015-11-16T12:39:01","guid":{"rendered":"http:\/\/ferienhaus-stubaiblick.at\/?page_id=13"},"modified":"2015-11-20T13:05:47","modified_gmt":"2015-11-20T12:05:47","slug":"anfahrt","status":"publish","type":"page","link":"https:\/\/ferienhaus-stubaiblick.at\/index.php\/anfahrt\/","title":{"rendered":"Anfahrt"},"content":{"rendered":"<h2>Ihr Weg ins Stubaital<\/h2>\n<p><iframe style=\"border: 0;\" src=\"https:\/\/www.google.com\/maps\/embed?pb=!1m18!1m12!1m3!1d2714.7363657351084!2d11.322449916346502!3d47.12383787915546!2m3!1f0!2f0!3f0!3m2!1i1024!2i768!4f13.1!3m3!1m2!1s0x479d414b55921f77%3A0xa51f61f11e53369e!2sAu%C3%9Ferrain+21%2C+6167+Neustift+im+Stubaital!5e0!3m2!1sde!2sat!4v1447679472418\" width=\"600\" height=\"450\" frameborder=\"0\" allowfullscreen=\"allowfullscreen\"><\/iframe><\/p>\n<p>Das Stubaital liegt in unmittelbarer N\u00e4he der Tiroler Landeshauptstadt Innsbruck \u2013 schnell und einfach erreichbar \u00fcber die Brennerautobahn. Trotz dieser \u00e4u\u00dferst verkehrsg\u00fcnstigen Lage hat sich das Tal seine malerische Urspr\u00fcnglichkeit bewahrt.<\/p>\n<p><strong>Achtung<\/strong>: Die Autobahnen in \u00d6sterreich sind vignettenpflichtig. Vignetten erhalten Sie an den Grenz\u00fcberg\u00e4ngen, bei Tankstellen und bei Ihrem Automobilclub!<\/p>\n<p><strong>Von Innsbruck<\/strong> kommend<em> (\u00fcber die Europabr\u00fccke)<\/em> nehmen Sie die<strong> Ausfahrt &#8222;Sch\u00f6nberg \/ Stubaital&#8220;<\/strong><br \/>\nFahren Sie geradeaus weiter &#8211; bei <strong>Mieders<\/strong> vorbei &#8211; bei<strong> Telfes \/ Fulpmes<\/strong> vorbei &#8211; immer geradeaus weiter auf der <strong>B183<\/strong> Richtung Neustift.<\/p>\n<p>Im <strong>Ortsteil Neder<\/strong> passieren Sie auf H\u00f6he des<strong> Gasthof ZEGGER<\/strong><em> (linke Seite)<\/em> eine Bushaltestelle. Verringern sie ihre Geschwindigkeit, denn unmittelbar danach \u00fcberqueren sie eine Br\u00fccke, an deren Ende sie scharf nach rechts abbiegen m\u00fcssen. Nach ca.100m biegen sie beim<strong> Hotel Capella <\/strong>nach links ab. Nach weiteren 100m halten sie sich an der Weggabelung links.<\/p>\n<p>Nach 50m haben Sie ihr Ziel erreicht.<\/p>\n<blockquote><p><strong><em>Ferienhaus Stubaiblick<br \/>\n<\/em><\/strong><em>Ausserain 21<br \/>\n<\/em><em>6167 Neustift im Stubaital<\/em><\/p><\/blockquote>\n<p><strong>Urlaub, die sch\u00f6nste Zeit im Jahr kann beginnen!<\/strong><\/p>\n","protected":false},"excerpt":{"rendered":"<p>Ihr Weg ins Stubaital Das Stubaital liegt in unmittelbarer N\u00e4he der Tiroler Landeshauptstadt Innsbruck \u2013 schnell und einfach erreichbar \u00fcber die Brennerautobahn. Trotz dieser \u00e4u\u00dferst verkehrsg\u00fcnstigen Lage hat sich das Tal seine malerische Urspr\u00fcnglichkeit bewahrt. Achtung: Die Autobahnen in \u00d6sterreich [&#8230;]<\/p>\n","protected":false},"author":1,"featured_media":0,"parent":0,"menu_order":0,"comment_status":"closed","ping_status":"closed","template":"","meta":[],"categories":[],"tags":[],"_links":{"self":[{"href":"https:\/\/ferienhaus-stubaiblick.at\/index.php\/wp-json\/wp\/v2\/pages\/13"}],"collection":[{"href":"https:\/\/ferienhaus-stubaiblick.at\/index.php\/wp-json\/wp\/v2\/pages"}],"about":[{"href":"https:\/\/ferienhaus-stubaiblick.at\/index.php\/wp-json\/wp\/v2\/types\/page"}],"author":[{"embeddable":true,"href":"https:\/\/ferienhaus-stubaiblick.at\/index.php\/wp-json\/wp\/v2\/users\/1"}],"replies":[{"embeddable":true,"href":"https:\/\/ferienhaus-stubaiblick.at\/index.php\/wp-json\/wp\/v2\/comments?post=13"}],"version-history":[{"count":6,"href":"https:\/\/ferienhaus-stubaiblick.at\/index.php\/wp-json\/wp\/v2\/pages\/13\/revisions"}],"predecessor-version":[{"id":146,"href":"https:\/\/ferienhaus-stubaiblick.at\/index.php\/wp-json\/wp\/v2\/pages\/13\/revisions\/146"}],"wp:attachment":[{"href":"https:\/\/ferienhaus-stubaiblick.at\/index.php\/wp-json\/wp\/v2\/media?parent=13"}],"wp:term":[{"taxonomy":"category","embeddable":true,"href":"https:\/\/ferienhaus-stubaiblick.at\/index.php\/wp-json\/wp\/v2\/categories?post=13"},{"taxonomy":"post_tag","embeddable":true,"href":"https:\/\/ferienhaus-stubaiblick.at\/index.php\/wp-json\/wp\/v2\/tags?post=13"}],"curies":[{"name":"wp","href":"https:\/\/api.w.org\/{rel}","templated":true}]}}