{"id":2,"date":"2015-11-02T13:53:29","date_gmt":"2015-11-02T12:53:29","guid":{"rendered":"http:\/\/ferienhaus-stubaiblick.at\/?page_id=2"},"modified":"2016-11-04T20:18:05","modified_gmt":"2016-11-04T19:18:05","slug":"beispiel-seite","status":"publish","type":"page","link":"https:\/\/ferienhaus-stubaiblick.at\/index.php\/beispiel-seite\/","title":{"rendered":"Herzlich Willkommen!"},"content":{"rendered":"<p>&nbsp;<\/p>\n<div id='gallery-1' class='gallery galleryid-2 gallery-columns-3 gallery-size-medium'><dl class='gallery-item'>\n\t\t\t<dt class='gallery-icon landscape'>\n\t\t\t\t<a href='https:\/\/ferienhaus-stubaiblick.at\/index.php\/beispiel-seite\/02_fruehling_2016_start\/'><img width=\"300\" height=\"225\" src=\"https:\/\/ferienhaus-stubaiblick.at\/wp-content\/uploads\/2016\/05\/02_Fruehling_2016_Start-300x225.jpg\" class=\"attachment-medium size-medium\" alt=\"\" loading=\"lazy\" srcset=\"https:\/\/ferienhaus-stubaiblick.at\/wp-content\/uploads\/2016\/05\/02_Fruehling_2016_Start-300x225.jpg 300w, https:\/\/ferienhaus-stubaiblick.at\/wp-content\/uploads\/2016\/05\/02_Fruehling_2016_Start-1024x768.jpg 1024w, https:\/\/ferienhaus-stubaiblick.at\/wp-content\/uploads\/2016\/05\/02_Fruehling_2016_Start.jpg 1867w\" sizes=\"(max-width: 300px) 100vw, 300px\" \/><\/a>\n\t\t\t<\/dt><\/dl><dl class='gallery-item'>\n\t\t\t<dt class='gallery-icon landscape'>\n\t\t\t\t<a href='https:\/\/ferienhaus-stubaiblick.at\/01_fruehling_2016_start\/'><img width=\"300\" height=\"222\" src=\"https:\/\/ferienhaus-stubaiblick.at\/wp-content\/uploads\/2016\/05\/01_Fruehling_2016_Start-300x222.jpg\" class=\"attachment-medium size-medium\" alt=\"\" loading=\"lazy\" srcset=\"https:\/\/ferienhaus-stubaiblick.at\/wp-content\/uploads\/2016\/05\/01_Fruehling_2016_Start-300x222.jpg 300w, https:\/\/ferienhaus-stubaiblick.at\/wp-content\/uploads\/2016\/05\/01_Fruehling_2016_Start-1024x759.jpg 1024w, https:\/\/ferienhaus-stubaiblick.at\/wp-content\/uploads\/2016\/05\/01_Fruehling_2016_Start.jpg 1790w\" sizes=\"(max-width: 300px) 100vw, 300px\" \/><\/a>\n\t\t\t<\/dt><\/dl><dl class='gallery-item'>\n\t\t\t<dt class='gallery-icon landscape'>\n\t\t\t\t<a href='https:\/\/ferienhaus-stubaiblick.at\/index.php\/beispiel-seite\/02_fruehling_2016_beschn\/'><img width=\"300\" height=\"197\" src=\"https:\/\/ferienhaus-stubaiblick.at\/wp-content\/uploads\/2016\/05\/02_Fruehling_2016_beschn-300x197.jpg\" class=\"attachment-medium size-medium\" alt=\"\" loading=\"lazy\" srcset=\"https:\/\/ferienhaus-stubaiblick.at\/wp-content\/uploads\/2016\/05\/02_Fruehling_2016_beschn-300x197.jpg 300w, https:\/\/ferienhaus-stubaiblick.at\/wp-content\/uploads\/2016\/05\/02_Fruehling_2016_beschn-1024x671.jpg 1024w\" sizes=\"(max-width: 300px) 100vw, 300px\" \/><\/a>\n\t\t\t<\/dt><\/dl><br style=\"clear: both\" \/><dl class='gallery-item'>\n\t\t\t<dt class='gallery-icon landscape'>\n\t\t\t\t<a href='https:\/\/ferienhaus-stubaiblick.at\/index.php\/beispiel-seite\/p1060336\/'><img width=\"300\" height=\"225\" src=\"https:\/\/ferienhaus-stubaiblick.at\/wp-content\/uploads\/2016\/05\/P1060336-300x225.jpg\" class=\"attachment-medium size-medium\" alt=\"\" loading=\"lazy\" srcset=\"https:\/\/ferienhaus-stubaiblick.at\/wp-content\/uploads\/2016\/05\/P1060336-300x225.jpg 300w, https:\/\/ferienhaus-stubaiblick.at\/wp-content\/uploads\/2016\/05\/P1060336-1024x768.jpg 1024w\" sizes=\"(max-width: 300px) 100vw, 300px\" \/><\/a>\n\t\t\t<\/dt><\/dl><dl class='gallery-item'>\n\t\t\t<dt class='gallery-icon landscape'>\n\t\t\t\t<a href='https:\/\/ferienhaus-stubaiblick.at\/start_kontakt_3\/'><img width=\"300\" height=\"150\" src=\"https:\/\/ferienhaus-stubaiblick.at\/wp-content\/uploads\/2015\/11\/start_kontakt_3-300x150.jpg\" class=\"attachment-medium size-medium\" alt=\"\" loading=\"lazy\" srcset=\"https:\/\/ferienhaus-stubaiblick.at\/wp-content\/uploads\/2015\/11\/start_kontakt_3-300x150.jpg 300w, https:\/\/ferienhaus-stubaiblick.at\/wp-content\/uploads\/2015\/11\/start_kontakt_3.jpg 700w\" sizes=\"(max-width: 300px) 100vw, 300px\" \/><\/a>\n\t\t\t<\/dt><\/dl><dl class='gallery-item'>\n\t\t\t<dt class='gallery-icon landscape'>\n\t\t\t\t<a href='https:\/\/ferienhaus-stubaiblick.at\/12x8-image_1\/'><img width=\"300\" height=\"200\" src=\"https:\/\/ferienhaus-stubaiblick.at\/wp-content\/uploads\/2015\/11\/12x8-Image_1-300x200.jpg\" class=\"attachment-medium size-medium\" alt=\"\" loading=\"lazy\" srcset=\"https:\/\/ferienhaus-stubaiblick.at\/wp-content\/uploads\/2015\/11\/12x8-Image_1-300x200.jpg 300w, https:\/\/ferienhaus-stubaiblick.at\/wp-content\/uploads\/2015\/11\/12x8-Image_1-1024x683.jpg 1024w, https:\/\/ferienhaus-stubaiblick.at\/wp-content\/uploads\/2015\/11\/12x8-Image_1-740x493.jpg 740w, https:\/\/ferienhaus-stubaiblick.at\/wp-content\/uploads\/2015\/11\/12x8-Image_1-400x266.jpg 400w, https:\/\/ferienhaus-stubaiblick.at\/wp-content\/uploads\/2015\/11\/12x8-Image_1.jpg 1200w\" sizes=\"(max-width: 300px) 100vw, 300px\" \/><\/a>\n\t\t\t<\/dt><\/dl><br style=\"clear: both\" \/><dl class='gallery-item'>\n\t\t\t<dt class='gallery-icon landscape'>\n\t\t\t\t<a href='https:\/\/ferienhaus-stubaiblick.at\/index.php\/appartment\/stubaiblick-aussicht\/'><img width=\"300\" height=\"200\" src=\"https:\/\/ferienhaus-stubaiblick.at\/wp-content\/uploads\/2015\/11\/Stubaiblick-Aussicht-300x200.jpg\" class=\"attachment-medium size-medium\" alt=\"\" loading=\"lazy\" aria-describedby=\"gallery-1-228\" srcset=\"https:\/\/ferienhaus-stubaiblick.at\/wp-content\/uploads\/2015\/11\/Stubaiblick-Aussicht-300x200.jpg 300w, https:\/\/ferienhaus-stubaiblick.at\/wp-content\/uploads\/2015\/11\/Stubaiblick-Aussicht-1024x683.jpg 1024w, https:\/\/ferienhaus-stubaiblick.at\/wp-content\/uploads\/2015\/11\/Stubaiblick-Aussicht-740x493.jpg 740w, https:\/\/ferienhaus-stubaiblick.at\/wp-content\/uploads\/2015\/11\/Stubaiblick-Aussicht-400x266.jpg 400w, https:\/\/ferienhaus-stubaiblick.at\/wp-content\/uploads\/2015\/11\/Stubaiblick-Aussicht.jpg 1200w\" sizes=\"(max-width: 300px) 100vw, 300px\" \/><\/a>\n\t\t\t<\/dt>\n\t\t\t\t<dd class='wp-caption-text gallery-caption' id='gallery-1-228'>\n\t\t\t\tPanoramablick vom Balkon\n\t\t\t\t<\/dd><\/dl><dl class='gallery-item'>\n\t\t\t<dt class='gallery-icon landscape'>\n\t\t\t\t<a href='https:\/\/ferienhaus-stubaiblick.at\/index.php\/beispiel-seite\/see_01\/'><img width=\"300\" height=\"224\" src=\"https:\/\/ferienhaus-stubaiblick.at\/wp-content\/uploads\/2016\/07\/See_01-300x224.jpg\" class=\"attachment-medium size-medium\" alt=\"\" loading=\"lazy\" srcset=\"https:\/\/ferienhaus-stubaiblick.at\/wp-content\/uploads\/2016\/07\/See_01-300x224.jpg 300w, https:\/\/ferienhaus-stubaiblick.at\/wp-content\/uploads\/2016\/07\/See_01-1024x765.jpg 1024w\" sizes=\"(max-width: 300px) 100vw, 300px\" \/><\/a>\n\t\t\t<\/dt><\/dl><dl class='gallery-item'>\n\t\t\t<dt class='gallery-icon landscape'>\n\t\t\t\t<a href='https:\/\/ferienhaus-stubaiblick.at\/index.php\/beispiel-seite\/serles_mit_see_01_komp\/'><img width=\"300\" height=\"197\" src=\"https:\/\/ferienhaus-stubaiblick.at\/wp-content\/uploads\/2016\/07\/Serles_mit_See_01_komp-300x197.jpg\" class=\"attachment-medium size-medium\" alt=\"\" loading=\"lazy\" srcset=\"https:\/\/ferienhaus-stubaiblick.at\/wp-content\/uploads\/2016\/07\/Serles_mit_See_01_komp-300x197.jpg 300w, https:\/\/ferienhaus-stubaiblick.at\/wp-content\/uploads\/2016\/07\/Serles_mit_See_01_komp-1024x673.jpg 1024w, https:\/\/ferienhaus-stubaiblick.at\/wp-content\/uploads\/2016\/07\/Serles_mit_See_01_komp.jpg 1402w\" sizes=\"(max-width: 300px) 100vw, 300px\" \/><\/a>\n\t\t\t<\/dt><\/dl><br style=\"clear: both\" \/><dl class='gallery-item'>\n\t\t\t<dt class='gallery-icon landscape'>\n\t\t\t\t<a href='https:\/\/ferienhaus-stubaiblick.at\/p1060454\/'><img width=\"300\" height=\"225\" src=\"https:\/\/ferienhaus-stubaiblick.at\/wp-content\/uploads\/2016\/11\/P1060454-300x225.jpg\" class=\"attachment-medium size-medium\" alt=\"\" loading=\"lazy\" aria-describedby=\"gallery-1-338\" srcset=\"https:\/\/ferienhaus-stubaiblick.at\/wp-content\/uploads\/2016\/11\/P1060454-300x225.jpg 300w, https:\/\/ferienhaus-stubaiblick.at\/wp-content\/uploads\/2016\/11\/P1060454-1024x768.jpg 1024w\" sizes=\"(max-width: 300px) 100vw, 300px\" \/><\/a>\n\t\t\t<\/dt>\n\t\t\t\t<dd class='wp-caption-text gallery-caption' id='gallery-1-338'>\n\t\t\t\tBlick_Gletscher\n\t\t\t\t<\/dd><\/dl>\n\t\t\t<br style='clear: both' \/>\n\t\t<\/div>\n\n<p>&nbsp;<\/p>\n<p>&nbsp;<\/p>\n<p>&nbsp;<\/p>\n<p><strong>Das Ferienhaus Stubaiblick<\/strong> liegt eingebettet zwischen Wiesen mit freiem Blick auf den Stubaier Gletscher und nur 1,5 km vom Ortszentrum Neustift entfernt. Das in Holzblockbauweise errichtet Haus bietet auf ca. 120 m\u00b2 Unterkunft zur Selbstversorgung. Unsere G\u00e4ste erhalten zur Begr\u00fc\u00dfung einen Korb mit regionalen K\u00f6stlichkeiten. Das Wichtigste f\u00fcr uns ist, dass Sie sich unsere G\u00e4ste rundum wohlf\u00fchlen.<\/p>\n<p>Das Haus ist<strong> f\u00fcr 1- 10 Personen<\/strong> geeignet und verf\u00fcgt \u00fcber <strong>3 Schlafzimmer<\/strong>, sowie <strong>2 weitere Schlafr\u00e4ume<\/strong> mit Verbindungst\u00fcr im Dachgescho\u00df. Die\u00a0K\u00fcche mit Essbereich ist mit s\u00e4mtlichen Ger\u00e4ten ausgestattet. Das Wohnzimmer bietet ausreichend Platz um gemeinsam zu essen, oder\u00a0sich nach einem Urlaubstag zu entspannen.\u00a0Im Badezimmer gibt es Doppelwaschbecken, Dusche und Eckbadewanne mit Whirlpoolsystem. Eine weitere Dusche und zwei getrennte WC sorgen daf\u00fcr, dass\u00a0es\u00a0zu keiner Staubildung kommt. Ihre Skiausr\u00fcstung ist im Skiabstellraum mit Schuhtrockner bestens aufgehoben. Im Sommer k\u00f6nnen sie hier Ihre Wanderschuhe trocknen und ihre Fahrr\u00e4der sicher verwahren. <strong>WiFi<\/strong> und <strong>Parkpl\u00e4tze<\/strong> werden Ihnen gerne kostenlos zur Verf\u00fcgung gestellt.<\/p>\n<p>Das Ferienhaus Stubaiblick ist ein idealer Ausgangspunkt f\u00fcr viele <a href=\"http:\/\/ferienhaus-stubaiblick.at\/index.php\/aktivitaeten\/\">Aktivit\u00e4ten<\/a> im Stubaital.<\/p>\n<p><a href=\"http:\/\/ferienhaus-stubaiblick.at\/index.php\/kontakt\/\">F\u00fcr Fragen sind wir jederzeit gerne f\u00fcr Sie da!<\/a><\/p>\n<p>Familie Hofer<\/p>\n","protected":false},"excerpt":{"rendered":"<p>&nbsp; &nbsp; &nbsp; &nbsp; Das Ferienhaus Stubaiblick liegt eingebettet zwischen Wiesen mit freiem Blick auf den Stubaier Gletscher und nur 1,5 km vom Ortszentrum Neustift entfernt. Das in Holzblockbauweise errichtet Haus bietet auf ca. 120 m\u00b2 Unterkunft zur Selbstversorgung. Unsere [&#8230;]<\/p>\n","protected":false},"author":1,"featured_media":33,"parent":0,"menu_order":0,"comment_status":"closed","ping_status":"open","template":"","meta":[],"categories":[],"tags":[],"_links":{"self":[{"href":"https:\/\/ferienhaus-stubaiblick.at\/index.php\/wp-json\/wp\/v2\/pages\/2"}],"collection":[{"href":"https:\/\/ferienhaus-stubaiblick.at\/index.php\/wp-json\/wp\/v2\/pages"}],"about":[{"href":"https:\/\/ferienhaus-stubaiblick.at\/index.php\/wp-json\/wp\/v2\/types\/page"}],"author":[{"embeddable":true,"href":"https:\/\/ferienhaus-stubaiblick.at\/index.php\/wp-json\/wp\/v2\/users\/1"}],"replies":[{"embeddable":true,"href":"https:\/\/ferienhaus-stubaiblick.at\/index.php\/wp-json\/wp\/v2\/comments?post=2"}],"version-history":[{"count":33,"href":"https:\/\/ferienhaus-stubaiblick.at\/index.php\/wp-json\/wp\/v2\/pages\/2\/revisions"}],"predecessor-version":[{"id":339,"href":"https:\/\/ferienhaus-stubaiblick.at\/index.php\/wp-json\/wp\/v2\/pages\/2\/revisions\/339"}],"wp:featuredmedia":[{"embeddable":true,"href":"https:\/\/ferienhaus-stubaiblick.at\/index.php\/wp-json\/wp\/v2\/media\/33"}],"wp:attachment":[{"href":"https:\/\/ferienhaus-stubaiblick.at\/index.php\/wp-json\/wp\/v2\/media?parent=2"}],"wp:term":[{"taxonomy":"category","embeddable":true,"href":"https:\/\/ferienhaus-stubaiblick.at\/index.php\/wp-json\/wp\/v2\/categories?post=2"},{"taxonomy":"post_tag","embeddable":true,"href":"https:\/\/ferienhaus-stubaiblick.at\/index.php\/wp-json\/wp\/v2\/tags?post=2"}],"curies":[{"name":"wp","href":"https:\/\/api.w.org\/{rel}","templated":true}]}}