{"id":375,"date":"2018-06-20T14:25:13","date_gmt":"2018-06-20T12:25:13","guid":{"rendered":"http:\/\/ferienhaus-stubaiblick.at\/?page_id=375"},"modified":"2018-06-20T14:25:13","modified_gmt":"2018-06-20T12:25:13","slug":"datenschutzerklaerung","status":"publish","type":"page","link":"https:\/\/ferienhaus-stubaiblick.at\/index.php\/datenschutzerklaerung\/","title":{"rendered":"Datenschutzerkl\u00e4rung"},"content":{"rendered":"<p><strong>Datenschutzerkl\u00e4rung Website<\/strong><\/p>\n<p><strong>Webseitenbetreiber: <\/strong><br \/>\n<strong>Vermietung Hofer<\/strong><br \/>\nAu\u00dferrain 21<br \/>\n6167 Neustift<\/p>\n<p><strong>Cookies<\/strong><\/p>\n<p>Unsere Website verwendet so genannte Cookies. Dabei handelt es sich um kleine Textdateien, die mit Hilfe des Browsers auf Ihrem Endger\u00e4t abgelegt werden. Sie richten keinen Schaden an.<\/p>\n<p>Wir nutzen Cookies dazu, unser Angebot nutzerfreundlich zu gestalten. Einige Cookies bleiben auf Ihrem Endger\u00e4t gespeichert, bis Sie diese l\u00f6schen. Sie erm\u00f6glichen es uns, Ihren Browser beim n\u00e4chsten Besuch wiederzuerkennen.<\/p>\n<p>Wenn Sie dies nicht w\u00fcnschen, so k\u00f6nnen Sie Ihren Browser so einrichten, dass er Sie \u00fcber das Setzen von Cookies informiert und Sie dies nur im Einzelfall erlauben.<\/p>\n<p>Bei der Deaktivierung von Cookies kann die Funktionalit\u00e4t unserer Website eingeschr\u00e4nkt sein.<\/p>\n<p>&nbsp;<\/p>\n<p><strong>Web-Analyse<\/strong><\/p>\n<p>Um das Informationsangebot stetig zu verbessern, werden auf\u00a0ferienhaus-stubaiblick.at folgende Daten erhoben, gespeichert und ausgewertet:<br \/>\nBrowsertyp, Betriebssystem, Land, Datum, Uhrzeit und Dauer des Zugriffs, IP-Adresse, besuchte inkl. Ein- und Aussteige-Seiten.<br \/>\nZu diesem Zweck wird die freie Webanalyse-Software AWStats eingesetzt. Diese wird zur Analyse von Logdateien verwendet, die Webserver auf Basis von Besucheranfragen erstellen. Die statistische Analyse erfolgt \u00fcber die Logfiles, die auch IP-Adressen enthalten. Im Gegensatz zu anderen Webanalyse-Softwares werden bei AWStats keine Daten an einem fremden Server \u00fcbermittelt. Der Webserver befindet sich in Deutschland. Der Besucher von erkl\u00e4rt sich mit dem Einsatz der Software AWStats einverstanden. Die Daten werden\u00a0nicht\u00a0dazu verwendet, den Besucher dieser Website pers\u00f6nlich zu identifizieren.<\/p>\n<p><strong>Kontaktformular<\/strong><\/p>\n<p>Wir bieten Ihnen auf unserer Seite die M\u00f6glichkeit, mit uns per E-Mail und\/oder \u00fcber ein Kontaktformular in Verbindung zu treten. In diesem Fall werden die vom Nutzer gemachten Angaben zum Zwecke der Bearbeitung seiner Kontaktaufnahme gespeichert. Eine Weitergabe an Dritte erfolgt nicht. Ein Abgleich der so erhobenen Daten mit Daten, die m\u00f6glicherweise durch andere Komponenten unserer Seite erhoben werden, erfolgt ebenfalls nicht.<\/p>\n<p><strong>Datenschutzerkl\u00e4rung f\u00fcr Google reCAPTCHA<\/strong><\/p>\n<p>Auf der\u00a0Kontaktseite\u00a0wird der Service reCAPTCHA des Unternehmens Google Inc. verwendet. Die Abfrage dient der Unterscheidung, ob die Eingabe durch einen Menschen oder missbr\u00e4uchlich durch automatisierte, maschinelle Verarbeitung erfolgt. Die Abfrage schlie\u00dft den Versand der IP-Adresse und ggf. weiterer von Google f\u00fcr den Dienst reCAPTCHA ben\u00f6tigter Daten an Google ein. Zu diesem Zweck wird Ihre Eingabe an Google \u00fcbermittelt und dort weiterverwendet. Ihre IP-Adresse wird von Google jedoch innerhalb von Mitgliedstaaten der Europ\u00e4ischen Union oder in anderen Vertragsstaaten des Abkommens \u00fcber den Europ\u00e4ischen Wirtschaftsraum zuvor gek\u00fcrzt. Nur in Ausnahmef\u00e4llen wird die volle IP-Adresse an einen Server von Google in den USA \u00fcbertragen und dort gek\u00fcrzt. Im Auftrag des Betreibers dieser Website wird Google diese Informationen benutzen, um Ihre Nutzung dieses Dienstes auszuwerten. Die im Rahmen von reCaptcha von Ihrem Browser \u00fcbermittelte IP-Adresse wird nicht mit anderen Daten von Google zusammengef\u00fchrt. F\u00fcr diese Daten gelten die abweichenden\u00a0<a href=\"https:\/\/www.google.com\/intl\/de\/policies\/privacy\/\">Datenschutzbestimmungen\u00a0von\u00a0Google<\/a>.<\/p>\n","protected":false},"excerpt":{"rendered":"<p>Datenschutzerkl\u00e4rung Website Webseitenbetreiber: Vermietung Hofer Au\u00dferrain 21 6167 Neustift Cookies Unsere Website verwendet so genannte Cookies. Dabei handelt es sich um kleine Textdateien, die mit Hilfe des Browsers auf Ihrem Endger\u00e4t abgelegt werden. Sie richten keinen Schaden an. Wir nutzen [&#8230;]<\/p>\n","protected":false},"author":1,"featured_media":0,"parent":0,"menu_order":0,"comment_status":"closed","ping_status":"closed","template":"","meta":[],"categories":[],"tags":[],"_links":{"self":[{"href":"https:\/\/ferienhaus-stubaiblick.at\/index.php\/wp-json\/wp\/v2\/pages\/375"}],"collection":[{"href":"https:\/\/ferienhaus-stubaiblick.at\/index.php\/wp-json\/wp\/v2\/pages"}],"about":[{"href":"https:\/\/ferienhaus-stubaiblick.at\/index.php\/wp-json\/wp\/v2\/types\/page"}],"author":[{"embeddable":true,"href":"https:\/\/ferienhaus-stubaiblick.at\/index.php\/wp-json\/wp\/v2\/users\/1"}],"replies":[{"embeddable":true,"href":"https:\/\/ferienhaus-stubaiblick.at\/index.php\/wp-json\/wp\/v2\/comments?post=375"}],"version-history":[{"count":1,"href":"https:\/\/ferienhaus-stubaiblick.at\/index.php\/wp-json\/wp\/v2\/pages\/375\/revisions"}],"predecessor-version":[{"id":376,"href":"https:\/\/ferienhaus-stubaiblick.at\/index.php\/wp-json\/wp\/v2\/pages\/375\/revisions\/376"}],"wp:attachment":[{"href":"https:\/\/ferienhaus-stubaiblick.at\/index.php\/wp-json\/wp\/v2\/media?parent=375"}],"wp:term":[{"taxonomy":"category","embeddable":true,"href":"https:\/\/ferienhaus-stubaiblick.at\/index.php\/wp-json\/wp\/v2\/categories?post=375"},{"taxonomy":"post_tag","embeddable":true,"href":"https:\/\/ferienhaus-stubaiblick.at\/index.php\/wp-json\/wp\/v2\/tags?post=375"}],"curies":[{"name":"wp","href":"https:\/\/api.w.org\/{rel}","templated":true}]}}