{"id":9,"date":"2015-11-16T13:37:52","date_gmt":"2015-11-16T12:37:52","guid":{"rendered":"http:\/\/ferienhaus-stubaiblick.at\/?page_id=9"},"modified":"2017-08-18T14:58:54","modified_gmt":"2017-08-18T12:58:54","slug":"aktivitaeten","status":"publish","type":"page","link":"https:\/\/ferienhaus-stubaiblick.at\/index.php\/aktivitaeten\/","title":{"rendered":"Aktivit\u00e4ten"},"content":{"rendered":"<p>&nbsp;<\/p>\n<div id='gallery-1' class='gallery galleryid-9 gallery-columns-3 gallery-size-full'><dl class='gallery-item'>\n\t\t\t<dt class='gallery-icon landscape'>\n\t\t\t\t<img width=\"1200\" height=\"800\" src=\"https:\/\/ferienhaus-stubaiblick.at\/wp-content\/uploads\/2015\/11\/image_skifahren.jpg\" class=\"attachment-full size-full\" alt=\"\" loading=\"lazy\" srcset=\"https:\/\/ferienhaus-stubaiblick.at\/wp-content\/uploads\/2015\/11\/image_skifahren.jpg 1200w, https:\/\/ferienhaus-stubaiblick.at\/wp-content\/uploads\/2015\/11\/image_skifahren-300x200.jpg 300w, https:\/\/ferienhaus-stubaiblick.at\/wp-content\/uploads\/2015\/11\/image_skifahren-1024x683.jpg 1024w, https:\/\/ferienhaus-stubaiblick.at\/wp-content\/uploads\/2015\/11\/image_skifahren-740x493.jpg 740w, https:\/\/ferienhaus-stubaiblick.at\/wp-content\/uploads\/2015\/11\/image_skifahren-400x266.jpg 400w\" sizes=\"(max-width: 1200px) 100vw, 1200px\" \/>\n\t\t\t<\/dt><\/dl><dl class='gallery-item'>\n\t\t\t<dt class='gallery-icon landscape'>\n\t\t\t\t<img width=\"1200\" height=\"800\" src=\"https:\/\/ferienhaus-stubaiblick.at\/wp-content\/uploads\/2015\/11\/image_rodeln.jpg\" class=\"attachment-full size-full\" alt=\"\" loading=\"lazy\" srcset=\"https:\/\/ferienhaus-stubaiblick.at\/wp-content\/uploads\/2015\/11\/image_rodeln.jpg 1200w, https:\/\/ferienhaus-stubaiblick.at\/wp-content\/uploads\/2015\/11\/image_rodeln-300x200.jpg 300w, https:\/\/ferienhaus-stubaiblick.at\/wp-content\/uploads\/2015\/11\/image_rodeln-1024x683.jpg 1024w, https:\/\/ferienhaus-stubaiblick.at\/wp-content\/uploads\/2015\/11\/image_rodeln-740x493.jpg 740w, https:\/\/ferienhaus-stubaiblick.at\/wp-content\/uploads\/2015\/11\/image_rodeln-400x266.jpg 400w\" sizes=\"(max-width: 1200px) 100vw, 1200px\" \/>\n\t\t\t<\/dt><\/dl><dl class='gallery-item'>\n\t\t\t<dt class='gallery-icon landscape'>\n\t\t\t\t<img width=\"1600\" height=\"1200\" src=\"https:\/\/ferienhaus-stubaiblick.at\/wp-content\/uploads\/2015\/11\/action_1.jpg\" class=\"attachment-full size-full\" alt=\"\" loading=\"lazy\" srcset=\"https:\/\/ferienhaus-stubaiblick.at\/wp-content\/uploads\/2015\/11\/action_1.jpg 1600w, https:\/\/ferienhaus-stubaiblick.at\/wp-content\/uploads\/2015\/11\/action_1-300x225.jpg 300w, https:\/\/ferienhaus-stubaiblick.at\/wp-content\/uploads\/2015\/11\/action_1-1024x768.jpg 1024w\" sizes=\"(max-width: 1600px) 100vw, 1600px\" \/>\n\t\t\t<\/dt><\/dl><br style=\"clear: both\" \/><dl class='gallery-item'>\n\t\t\t<dt class='gallery-icon landscape'>\n\t\t\t\t<img width=\"3648\" height=\"2736\" src=\"https:\/\/ferienhaus-stubaiblick.at\/wp-content\/uploads\/2015\/11\/Feriehaus-Stubaiblick-Bergwanderung.jpg\" class=\"attachment-full size-full\" alt=\"\" loading=\"lazy\" srcset=\"https:\/\/ferienhaus-stubaiblick.at\/wp-content\/uploads\/2015\/11\/Feriehaus-Stubaiblick-Bergwanderung.jpg 3648w, https:\/\/ferienhaus-stubaiblick.at\/wp-content\/uploads\/2015\/11\/Feriehaus-Stubaiblick-Bergwanderung-300x225.jpg 300w, https:\/\/ferienhaus-stubaiblick.at\/wp-content\/uploads\/2015\/11\/Feriehaus-Stubaiblick-Bergwanderung-1024x768.jpg 1024w\" sizes=\"(max-width: 3648px) 100vw, 3648px\" \/>\n\t\t\t<\/dt><\/dl><dl class='gallery-item'>\n\t\t\t<dt class='gallery-icon landscape'>\n\t\t\t\t<img width=\"3648\" height=\"2736\" src=\"https:\/\/ferienhaus-stubaiblick.at\/wp-content\/uploads\/2015\/11\/Wanderung.jpg\" class=\"attachment-full size-full\" alt=\"\" loading=\"lazy\" srcset=\"https:\/\/ferienhaus-stubaiblick.at\/wp-content\/uploads\/2015\/11\/Wanderung.jpg 3648w, https:\/\/ferienhaus-stubaiblick.at\/wp-content\/uploads\/2015\/11\/Wanderung-300x225.jpg 300w, https:\/\/ferienhaus-stubaiblick.at\/wp-content\/uploads\/2015\/11\/Wanderung-1024x768.jpg 1024w\" sizes=\"(max-width: 3648px) 100vw, 3648px\" \/>\n\t\t\t<\/dt><\/dl>\n\t\t\t<br style='clear: both' \/>\n\t\t<\/div>\n\n<h3>Sportverleih<\/h3>\n<p>Unser Partner <strong><a href=\"http:\/\/www.sportfarm.at\">Sportfarm<\/a>\u00a0<\/strong>ber\u00e4t Sie kompetent beim\u00a0Verleih einer kompletten Winterausr\u00fcstung.\u00a0Das einheimische Fachpersonal <em>(ausgebildete Skilehrer)\u00a0<\/em>hilft Ihnen bei der individuell f\u00fcr Sie passenden Auswahl.<br \/>\n<a href=\"www.sportfarm.at\"><img loading=\"lazy\" class=\"alignnone wp-image-116 size-medium\" src=\"http:\/\/ferienhaus-stubaiblick.at\/wp-content\/uploads\/2015\/11\/original-sportfarmlogo-2-300x114.jpg\" alt=\"original sportfarmlogo 2\" width=\"300\" height=\"114\" srcset=\"https:\/\/ferienhaus-stubaiblick.at\/wp-content\/uploads\/2015\/11\/original-sportfarmlogo-2-300x114.jpg 300w, https:\/\/ferienhaus-stubaiblick.at\/wp-content\/uploads\/2015\/11\/original-sportfarmlogo-2-1024x390.jpg 1024w\" sizes=\"(max-width: 300px) 100vw, 300px\" \/><\/a><\/p>\n<h3>Weitere Links zum Stubaital<\/h3>\n<ul>\n<li>Informationen \u00fcber <a href=\"http:\/\/www.stubai.at\/aktivitaeten\/\">Freizeitaktivit\u00e4ten im Stubaital<\/a><\/li>\n<li>Informationen zum <a href=\"http:\/\/www.stubaier-gletscher.com\">Stubaier Gletscher<\/a><\/li>\n<li>Informationen zum\u00a0<a href=\"http:\/\/www.stubai.at\/skigebiete\/schlick2000\/skigebiet\/\">Schlick 2000<\/a><\/li>\n<li>Informationen zum <a href=\"http:\/\/www.stubai.at\/skigebiete\/elferbahnen\/skigebiet\/\">11er-Lift<\/a><\/li>\n<li>Informationen zum\u00a0<a href=\"http:\/\/www.stubai.at\/skigebiete\/serlesbahnen\/skigebiet\/\">Serlesbahnen<\/a><\/li>\n<\/ul>\n","protected":false},"excerpt":{"rendered":"<p>&nbsp; Sportverleih Unser Partner Sportfarm\u00a0ber\u00e4t Sie kompetent beim\u00a0Verleih einer kompletten Winterausr\u00fcstung.\u00a0Das einheimische Fachpersonal (ausgebildete Skilehrer)\u00a0hilft Ihnen bei der individuell f\u00fcr Sie passenden Auswahl. Weitere Links zum Stubaital Informationen \u00fcber Freizeitaktivit\u00e4ten im Stubaital Informationen zum Stubaier Gletscher Informationen zum\u00a0Schlick 2000 Informationen [&#8230;]<\/p>\n","protected":false},"author":1,"featured_media":35,"parent":0,"menu_order":0,"comment_status":"closed","ping_status":"closed","template":"","meta":[],"categories":[],"tags":[],"_links":{"self":[{"href":"https:\/\/ferienhaus-stubaiblick.at\/index.php\/wp-json\/wp\/v2\/pages\/9"}],"collection":[{"href":"https:\/\/ferienhaus-stubaiblick.at\/index.php\/wp-json\/wp\/v2\/pages"}],"about":[{"href":"https:\/\/ferienhaus-stubaiblick.at\/index.php\/wp-json\/wp\/v2\/types\/page"}],"author":[{"embeddable":true,"href":"https:\/\/ferienhaus-stubaiblick.at\/index.php\/wp-json\/wp\/v2\/users\/1"}],"replies":[{"embeddable":true,"href":"https:\/\/ferienhaus-stubaiblick.at\/index.php\/wp-json\/wp\/v2\/comments?post=9"}],"version-history":[{"count":14,"href":"https:\/\/ferienhaus-stubaiblick.at\/index.php\/wp-json\/wp\/v2\/pages\/9\/revisions"}],"predecessor-version":[{"id":359,"href":"https:\/\/ferienhaus-stubaiblick.at\/index.php\/wp-json\/wp\/v2\/pages\/9\/revisions\/359"}],"wp:featuredmedia":[{"embeddable":true,"href":"https:\/\/ferienhaus-stubaiblick.at\/index.php\/wp-json\/wp\/v2\/media\/35"}],"wp:attachment":[{"href":"https:\/\/ferienhaus-stubaiblick.at\/index.php\/wp-json\/wp\/v2\/media?parent=9"}],"wp:term":[{"taxonomy":"category","embeddable":true,"href":"https:\/\/ferienhaus-stubaiblick.at\/index.php\/wp-json\/wp\/v2\/categories?post=9"},{"taxonomy":"post_tag","embeddable":true,"href":"https:\/\/ferienhaus-stubaiblick.at\/index.php\/wp-json\/wp\/v2\/tags?post=9"}],"curies":[{"name":"wp","href":"https:\/\/api.w.org\/{rel}","templated":true}]}}